{"id":5026,"date":"2022-09-23T04:17:25","date_gmt":"2022-09-23T04:17:25","guid":{"rendered":"https:\/\/tatbakliyat.com\/eng\/eng\/?page_id=5026"},"modified":"2022-10-05T08:36:15","modified_gmt":"2022-10-05T05:36:15","slug":"kvkk","status":"publish","type":"page","link":"https:\/\/tatbakliyat.com\/eng\/?page_id=5026","title":{"rendered":"KVKK"},"content":{"rendered":"\t\t<div data-elementor-type=\"wp-page\" data-elementor-id=\"5026\" class=\"elementor elementor-5026\">\n\t\t\t\t\t\t\t\t\t<section class=\"elementor-section elementor-top-section elementor-element elementor-element-caef96a elementor-section-boxed elementor-section-height-default elementor-section-height-default\" data-id=\"caef96a\" data-element_type=\"section\" data-settings=\"{&quot;background_background&quot;:&quot;classic&quot;}\">\n\t\t\t\t\t\t<div class=\"elementor-container elementor-column-gap-default\">\n\t\t\t\t\t<div class=\"elementor-column elementor-col-100 elementor-top-column elementor-element elementor-element-28c37bc\" data-id=\"28c37bc\" data-element_type=\"column\">\n\t\t\t<div class=\"elementor-widget-wrap elementor-element-populated\">\n\t\t\t\t\t\t\t\t<div class=\"elementor-element elementor-element-3227f5e elementor-widget elementor-widget-heading\" data-id=\"3227f5e\" data-element_type=\"widget\" data-widget_type=\"heading.default\">\n\t\t\t\t<div class=\"elementor-widget-container\">\n\t\t\t<style>\/*! elementor - v3.11.5 - 14-03-2023 *\/\n.elementor-heading-title{padding:0;margin:0;line-height:1}.elementor-widget-heading .elementor-heading-title[class*=elementor-size-]>a{color:inherit;font-size:inherit;line-height:inherit}.elementor-widget-heading .elementor-heading-title.elementor-size-small{font-size:15px}.elementor-widget-heading .elementor-heading-title.elementor-size-medium{font-size:19px}.elementor-widget-heading .elementor-heading-title.elementor-size-large{font-size:29px}.elementor-widget-heading .elementor-heading-title.elementor-size-xl{font-size:39px}.elementor-widget-heading .elementor-heading-title.elementor-size-xxl{font-size:59px}<\/style><h2 class=\"elementor-heading-title elementor-size-default\">K\u0130\u015e\u0130SEL VER\u0130LER\u0130N KORUNMASI HAKKINDA AYDINLATMA METN\u0130<\/h2>\t\t<\/div>\n\t\t\t\t<\/div>\n\t\t\t\t<div class=\"elementor-element elementor-element-07ead1b elementor-widget elementor-widget-heading\" data-id=\"07ead1b\" data-element_type=\"widget\" data-widget_type=\"heading.default\">\n\t\t\t\t<div class=\"elementor-widget-container\">\n\t\t\t<h2 class=\"elementor-heading-title elementor-size-default\">G\u0130ZL\u0130L\u0130K KURALLARI, S\u0130TE KULLANIM \u015eARTLARI VE \u0130LET\u0130\u015e\u0130MLER \u0130LE K\u0130\u015e\u0130SEL VER\u0130LER\u0130N\u0130ZE \u0130L\u0130\u015eK\u0130N B\u0130LG\u0130LEND\u0130RME<\/h2>\t\t<\/div>\n\t\t\t\t<\/div>\n\t\t\t\t<div class=\"elementor-element elementor-element-ccc5b05 elementor-widget elementor-widget-text-editor\" data-id=\"ccc5b05\" data-element_type=\"widget\" data-widget_type=\"text-editor.default\">\n\t\t\t\t<div class=\"elementor-widget-container\">\n\t\t\t<style>\/*! elementor - v3.11.5 - 14-03-2023 *\/\n.elementor-widget-text-editor.elementor-drop-cap-view-stacked .elementor-drop-cap{background-color:#818a91;color:#fff}.elementor-widget-text-editor.elementor-drop-cap-view-framed .elementor-drop-cap{color:#818a91;border:3px solid;background-color:transparent}.elementor-widget-text-editor:not(.elementor-drop-cap-view-default) .elementor-drop-cap{margin-top:8px}.elementor-widget-text-editor:not(.elementor-drop-cap-view-default) .elementor-drop-cap-letter{width:1em;height:1em}.elementor-widget-text-editor .elementor-drop-cap{float:left;text-align:center;line-height:1;font-size:50px}.elementor-widget-text-editor .elementor-drop-cap-letter{display:inline-block}<\/style>\t\t\t\t<p>\u015eirketimiz, 6698 say\u0131l\u0131 Ki\u015fisel Verilerin Korunmas\u0131 Kanunu (\u201c<strong>Kanun<\/strong>\u201d) md. 10\u2019dan do\u011fan ayd\u0131nlatma y\u00fck\u00fcml\u00fcl\u00fc\u011f\u00fcn\u00fc yerine getirmek amac\u0131yla a\u015fa\u011f\u0131daki a\u00e7\u0131klamalar\u0131 m\u00fc\u015fterilerimizin ve web-sitemizi ve\/veya mobil uygulamalar\u0131m\u0131z\u0131 kullanan \u00fc\u00e7\u00fcnc\u00fc ki\u015filerin dikkatine sunar\u0131z. \u015eirketimiz, i\u015fbu Ki\u015fisel Verilerin Korunmas\u0131 Hakk\u0131nda Ayd\u0131nlatma Metni\u2019ni y\u00fcr\u00fcrl\u00fckteki mevzuatta yap\u0131labilecek de\u011fi\u015fiklikler \u00e7er\u00e7evesinde her zaman g\u00fcncelleme hakk\u0131n\u0131 sakl\u0131 tutar.<\/p><p>Biz, ki\u015fisel verilerinizin g\u00fcvenli\u011fi hususuna azami hassasiyet g\u00f6stermekteyiz. Bu bilin\u00e7le, taraf\u0131m\u0131z ile ili\u015fkili t\u00fcm \u015fah\u0131slara ait her t\u00fcrl\u00fc ki\u015fisel verilerin Kanun\u2019a uygun olarak i\u015flenerek, muhafaza edilmesine b\u00fcy\u00fck \u00f6nem atfetmekteyiz. Bu sorumlulu\u011fumuzun tam idraki ile internet sitemizde (mobil uygulamas\u0131 dahil), ziyaret\u00e7i bilgilerinin gizlili\u011fi, ki\u015fisel verilerin korunmas\u0131, saklanmas\u0131, i\u015flenmesi, kullan\u0131m\u0131, imhas\u0131, ticari elektronik ileti\u015fimler ve di\u011fer hususlarda, Ki\u015fisel Verilerin Korunmas\u0131, \u0130\u015flenmesi, Saklanmas\u0131 ve \u0130mhas\u0131 Politikas\u0131\u2019n\u0131n ge\u00e7erli oldu\u011funu belirtmek isteriz.<\/p><p>\u0130nternet sitemizde taraf\u0131m\u0131zca \u00e7erez (cookie) ve ileti\u015fim kutusu vas\u0131tas\u0131yla taraf\u0131m\u0131za iletti\u011finiz (bunlarla s\u0131n\u0131rl\u0131 olmamak kayd\u0131yla) ad, soyad, e-posta, adres, telefon numaras\u0131, cv (\u00f6zge\u00e7mi\u015f) di\u011fer ki\u015fisel veriler i\u015flenmektedir.<\/p><p>\u00d6zel nitelikli ki\u015fisel veriler, Kanun\u2019da \u0131rk, etnik k\u00f6ken, siyasi d\u00fc\u015f\u00fcnce, felsefi d\u00fc\u015f\u00fcnce, din, mezhep veya di\u011fer inan\u00e7lar, dernek, vak\u0131f ya da sendika \u00fcyeli\u011fi, sa\u011fl\u0131k veya cinsel hayat, k\u0131l\u0131k ve k\u0131yafet, mahkumiyet, genetik ve biyometrik veriler gibi olarak s\u0131n\u0131rl\u0131 say\u0131da listelenmi\u015f olan, ki\u015finin do\u011frudan mahremi ile ilgili ki\u015fisel verilerdir. Sa\u011fl\u0131k ve cinsel hayat hari\u00e7 olmak \u00fczere, di\u011fer \u00f6zel nitelikli ki\u015fisel verilerin kullan\u0131lmas\u0131 i\u00e7in a\u00e7\u0131k r\u0131za gereklidir. E\u011fer kanun bu verileri almay\u0131 zorunlu tutuyorsa, bu halde a\u00e7\u0131k r\u0131za gerekmemektedir. Sa\u011fl\u0131k hizmet kurulu\u015flar\u0131 taraf\u0131ndan, hizmet kapsam\u0131nda sa\u011fl\u0131k ve cinsel hayata ili\u015fkin bilgileri saklanan hallerde, a\u00e7\u0131k r\u0131zaya gerek bulunmamaktad\u0131r.<\/p><p><strong>B\u0130LG\u0130LER\u0130N KORUNMASI<\/strong><\/p><p>Bu sitede, ziyaret\u00e7iler taraf\u0131ndan verilen ve taraflar\u0131ndan edinilen bilgilerin ve i\u015flemlerinin g\u00fcvenli\u011fi i\u00e7in gerekli \u00f6nlemler, bilgi ve i\u015flemin mahiyetine g\u00f6re, taraf\u0131m\u0131z veya ilgili kurulu\u015f\u00e7a sistemlerde ve internet altyap\u0131s\u0131nda, teknolojik imkanlar ve maliyet unsurlar\u0131 dahilinde, uygun teknik ve idari y\u00f6ntemler ile al\u0131nm\u0131\u015ft\u0131r.<\/p><p>Sitemize talep ve \u015fikayetlerinizi iletme veya bilgi g\u00fcncelleme amac\u0131yla girdi\u011finiz bilgiler, di\u011fer internet kullan\u0131c\u0131lar\u0131 taraf\u0131ndan g\u00f6r\u00fcnt\u00fclenemez.<\/p><p><strong>B\u0130LG\u0130LER\u0130N TOPLAMA Y\u00d6NTEMLER\u0130, \u0130\u015eLENME-AKTARIM AMACI VE K\u0130\u015e\u0130SEL VER\u0130 \u0130\u015eLEMLER\u0130<\/strong><\/p><p>Gizliliklerinin korunmas\u0131 i\u00e7in gereken tedbirler al\u0131nmak ve ki\u015fisel verilerin i\u015flenmesine dair t\u00fcm kanuni ilkeler ile ki\u015fisel veri saklama-imha politikalar\u0131na uygun olmak \u00fczere;<\/p><ul><li>kanunen zorunlu ise veya zorunlu olmayan baz\u0131 uygulamalar i\u00e7in de ayr\u0131ca izni de rica edilerek; ziyaret\u00e7ilerimizin fiziki ve sanal i\u015fletmeleri ziyaret ve ileti\u015fim bilgileri ile a\u015fa\u011f\u0131da detayl\u0131 belirtilen di\u011fer ki\u015fisel bilgileri,<\/li><li>Veri Sorumlusu olarak biz ve ortaklar\u0131m\u0131z, i\u015f ve \u00e7\u00f6z\u00fcm ortaklar\u0131m\u0131z, haleflerimiz, servis sa\u011flay\u0131c\u0131lar\u0131m\u0131z, tedarik\u00e7ilerimiz ve belirlenecek (sosyal medya-online reklam i\u015fletmecileri dahil) di\u011fer i\u015flenme amac\u0131n\u0131n gerektirdi\u011fi \u00fc\u00e7\u00fcnc\u00fc ki\u015filer\/kurulu\u015flar (duruma g\u00f6re veri sorumlular\u0131, i\u015fleyenler ve\/veya al\u0131c\u0131 gruplar\u0131) taraf\u0131ndan ve aras\u0131nda,<\/li><li>Burada belirtilen ve ayr\u0131ca kanunlarda ki\u015fisel verilerin i\u015flenebilece\u011fi ve aktar\u0131labilece\u011fi a\u00e7\u0131k\u00e7a \u00f6ng\u00f6r\u00fclen hallerde, bilgilerin taraf\u0131nca alenile\u015ftirildi\u011fi durumlarda, s\u00f6zle\u015fme taraflar\u0131na ait ki\u015fisel verilerin i\u015flenmesinin gerekli oldu\u011fu hallerde, keza veri sorumlusu\/i\u015fleyen olarak her t\u00fcrl\u00fc hukuki y\u00fck\u00fcml\u00fcl\u00fckleri yerine getirebilme i\u00e7in zorunlu durumlarda, ayr\u0131ca haklar\u0131n tesisi, kullan\u0131lmas\u0131 veya korunmas\u0131 i\u00e7in veri i\u015flemenin ve aktarman\u0131n zorunlu oldu\u011fu durumlar ile temel hak ve \u00f6zg\u00fcrl\u00fcklerine zarar vermemek kayd\u0131yla veri sorumlusu\/i\u015fleyen olarak burada ve yasalarda \u00f6ng\u00f6r\u00fclm\u00fc\u015f me\u015fru menfaatler i\u00e7in veri i\u015flemenin ve aktarman\u0131n zorunlu\/gerekli oldu\u011fu hallerde,<\/li><\/ul><p>Belirtilen \u00e7er\u00e7evede an\u0131lan kurulu\u015flarca yurt i\u00e7inde ve d\u0131\u015f\u0131nda i\u015flenebilir, aktar\u0131labilir.<\/p><p><strong>S\u0130TEM\u0130ZDE TANIMLAMA B\u0130LG\u0130S\u0130 (\u00c7EREZ VB.) UYGULAMASI<\/strong><\/p><p>\u0130nternet sitemizde (mobil uygulamalar\u0131 dahil t\u00fcm dijital platformlar\u0131nda) muhtelif t\u00fcrde \u00e7erezler kullan\u0131lmaktad\u0131r. Bunlar oturum \u00e7erezleri, kal\u0131c\u0131 \u00e7erezler, zorunlu \u00e7erezler, i\u015flevsellik \u00e7erezleri, analiz \u00e7erezleri, ticari \u00e7erezler ve \u00fc\u00e7\u00fcnc\u00fc parti \u00e7erezleri gibi tan\u0131mlama bilgileridir.<\/p><p>\u00c7erezler ziyaret edilen internet sitesinin d\u00fczg\u00fcn bir \u015fekilde \u00e7al\u0131\u015fmas\u0131n\u0131 ve geli\u015ftirilmesini, kullan\u0131c\u0131 deneyiminin ki\u015fiselle\u015ftirilmesini ve iyile\u015ftirilmesini, siteleri oturum a\u00e7madan ziyaret edebilmesini ve\/veya taraf\u0131na (duruma g\u00f6re internet taray\u0131c\u0131 ve\/veya ilgili mobil uygulama kapal\u0131 olsa dahi g\u00f6rebilece\u011fi) ticari-sosyal ama\u00e7l\u0131 bildirimler yollanmas\u0131n\u0131 ve genel olarak site kullan\u0131c\u0131lar\u0131-ziyaret\u00e7ilerine gerek ilgili sitede, gerek ba\u015fkalar\u0131na ait sitelerde (sosyal medya-a\u011flar ve online reklam a\u011flar\u0131 dahil) genel ya da \u00f6zelle\u015ftirilmi\u015f bilgilendirmeler, reklam ve tan\u0131t\u0131mlar sunulmas\u0131n\u0131-iletilmesini sa\u011flamak amac\u0131yla bilgisayarlara ve\u00a0\u00a0mobil cihazlara yerle\u015ftirilen k\u00fc\u00e7\u00fck veri par\u00e7ac\u0131klar\u0131d\u0131r.<\/p><p>\u00c7erezler bilgisayar-cihazlarda, varsa kanuni azami s\u00fcre a\u015f\u0131lmamak kayd\u0131yla, amaca uygun bir s\u00fcre ile tutulurlar.<\/p><p>Sitemizi (mobil versiyonlar\u0131 dahil) kullanan ziyaret\u00e7iler, yukar\u0131da belirtilen uygulamay\u0131, keza ilgili tan\u0131mlama bilgilerinin burada, ki\u015fisel veri mevzuat\u0131nda ve bu bilgilendirme metninin di\u011fer k\u0131s\u0131mlar\u0131nda \u00e7e\u015fitli bilgileriniz i\u00e7in \u00f6ng\u00f6r\u00fclen ama\u00e7larla ve kapsamda-\u015fartlarda i\u015flenmesini (bu \u00e7er\u00e7evede \u00fc\u00e7\u00fcnc\u00fc ki\u015filere aktar\u0131m-payla\u015f\u0131mlar\u0131 ve kullanmalar\u0131 dahil) kabul etmi\u015f say\u0131l\u0131rlar.<\/p><p>Ziyaret\u00e7iler istedikleri her zaman cihazlar\u0131ndaki program ve\/veya i\u015fletim sistemi ve\/veya internet taray\u0131c\u0131s\u0131n\u0131n ayarlar\u0131ndan \u00e7erezleri d\u00fczenleyerek kald\u0131rabilirler ve\/veya an\u0131lan bildirimleri durdurabilirler (Bu takdirde Sitemizin\/ilgili cihaz\u0131n\/program\u0131n arzu edildi\u011fi gibi \u00e7al\u0131\u015fmayabilece\u011fi ve\/veya bildirim i\u00e7eriklerinden haberdar olunamayaca\u011f\u0131 bilinmelidir).<\/p><p><strong>\u0130LET\u0130\u015e\u0130MLER<\/strong><\/p><p>Ziyaret\u00e7ilerimiz ile, yine kanunlara uygun \u015fekilde, her t\u00fcrl\u00fc \u00fcr\u00fcn ve hizmetlere ili\u015fkin tan\u0131t\u0131m, reklam, ileti\u015fim, amac\u0131yla, taraf\u0131m\u0131z, i\u015f ve \u00e7\u00f6z\u00fcm ortaklar\u0131m\u0131z ile kanunen veri payla\u015f\u0131m\u0131m\u0131z\u0131n zorunlu oldu\u011fu kamu kurum ve kurulu\u015flar\u0131 taraf\u0131ndan SMS\/k\u0131sa mesaj, anl\u0131k bildirim, otomatik arama, bilgisayar, telefon, e-posta\/mail, faks, (cihaz\u0131n\u0131zda a\u00e7\u0131k ise) her t\u00fcrl\u00fc bildirimler ve di\u011fer elektronik ileti\u015fim ara\u00e7lar\u0131 ile ileti\u015fimler yap\u0131labilir, Ziyaret\u00e7ilere elektronik iletiler g\u00f6nderilebilir.<\/p><p><strong>\u0130\u015eLENEN \u2013 AKTARILAN K\u0130\u015e\u0130SEL VER\u0130LER\u0130N\u0130Z VE K\u0130\u015e\u0130SEL VER\u0130LER\u0130N\u0130ZE DA\u0130R KANUN\u0130 HAKLARINIZ<\/strong><\/p><p>Kurumumuzda taraf\u0131m\u0131zca \u00e7erez (cookie) ve ileti\u015fim kutusu vas\u0131tas\u0131yla taraf\u0131m\u0131za iletti\u011finiz (bunlarla s\u0131n\u0131rl\u0131 olmamak kayd\u0131yla) ad, soyad, e-posta, adres, telefon numaras\u0131, cv (\u00f6zge\u00e7mi\u015f) di\u011fer ki\u015fisel bilgilerinizin toplanma y\u00f6ntemi ve hukuki sebebi, hangi ama\u00e7la i\u015flenece\u011fi ve kimlere hangi ama\u00e7la aktar\u0131labilece\u011fi hususlar\u0131nda taraf\u0131n\u0131za b\u00f6ylece bilgi verilmesinin yan\u0131 s\u0131ra; ki\u015fisel bilgilerinizin i\u015flenip i\u015flenmedi\u011fini, i\u015flenmi\u015fse buna ili\u015fkin bilgileri, amac\u0131na uygun kullan\u0131l\u0131p kullan\u0131lmad\u0131\u011f\u0131n\u0131, yurt i\u00e7inde ve d\u0131\u015f\u0131nda aktar\u0131ld\u0131\u011f\u0131 \u00fc\u00e7\u00fcnc\u00fc ki\u015fileri \u00f6\u011frenme, bilme ve t\u00fcm bu hususlarda bilgi talep etme haklar\u0131na, keza eksik veya yanl\u0131\u015f i\u015flenmi\u015f olmalar\u0131 halinde d\u00fczeltilmesini, kanuni \u015fartlar\u0131na ve y\u00f6ntemine uygun olarak silinmesini veya yok edilmesini ve bu durumun verilerin aktar\u0131ld\u0131\u011f\u0131 \u00fc\u00e7\u00fcnc\u00fc ki\u015filere bildirilmesini isteme, ayr\u0131ca, bilgilerinizin otomatik sistemler ile analiz edilmesi sureti ile aleyhinize bir sonucun ortaya \u00e7\u0131kmas\u0131na itiraz etme ve kanuna ayk\u0131r\u0131 olarak i\u015flenmesi sebebi ile zarara u\u011framan\u0131z halinde giderilmesini talep etme haklar\u0131na sahip oldu\u011funuzu, taraf\u0131m\u0131z\u0131n mevzuattan ve i\u015fbu formdan do\u011fan haklar\u0131 sakl\u0131 kalmak \u00fczere, bulunmaktad\u0131r. T\u00fcm bu konularda Veri Sorumlusu olarak taraf\u0131m\u0131za ba\u015fvurabilece\u011finizi bilgilerinize sunar\u0131z.<\/p><p>Makul olmayacak d\u00fczeyde yinelenen, orant\u0131s\u0131z d\u00fczeyde teknik \u00e7aba gerektiren, ba\u015fkalar\u0131n\u0131n gizlili\u011fini tehlikeye atan veya ba\u015fka \u015fekilde a\u015f\u0131r\u0131 derecede zor olan istekleri reddetme hakk\u0131m\u0131z\u0131n sakl\u0131 oldu\u011funu belirtmek isteriz.<\/p><p>Yukar\u0131daki hususlar ki\u015fisel verilere ili\u015fkin ayd\u0131nlatma y\u00fck\u00fcml\u00fcl\u00fc\u011f\u00fcm\u00fcz gere\u011fi bilgilerinize sunulmakla beraber, mevzuat\u0131n ilgili ki\u015fiden a\u00e7\u0131k r\u0131za al\u0131nmaks\u0131z\u0131n i\u015flenmesine (aktar\u0131mlar dahil) imk\u00e2n verdi\u011fi haller d\u0131\u015f\u0131ndaki her t\u00fcrl\u00fc ki\u015fisel veri i\u015flemleri i\u00e7in izin al\u0131nd\u0131\u011f\u0131n\u0131 ve izinsiz i\u015flenme yap\u0131lmad\u0131\u011f\u0131n\u0131 bilmenizi rica ederiz.<\/p><p>Bu \u00e7er\u00e7evede izniniz rica edilen hallerde, s\u00f6z konusu izni y\u00fcz y\u00fcze verebilece\u011finiz gibi uygulamas\u0131 varsa ilgili internet Sitemizde ve yine uygulamas\u0131 varsa (yaz\u0131l\u0131-imzal\u0131 izin ile ayn\u0131 hukuki nitelik-de\u011ferde olmak \u00fczere) dijital ortamda da verebilirsiniz. \u015e\u00f6yle ki; sitemizdeki ki\u015fisel veri i\u015flem bilgilendirmelerini de\u011ferlendirmi\u015f olarak, bas\u0131l\u0131 ortamda veya beyan edece\u011finiz cep telefonunuza k\u0131sa mesajla g\u00f6nderilen linkte bilginize sunulan izin metnini incelemenizden sonra, uygun bulmu\u015f iseniz, bilgilerinizin do\u011frulu\u011funu s\u00f6zl\u00fc olarak veya ekranda ya da dijital ortamda teyit ettikten sonra izin-onay i\u015fleminiz tamamlanm\u0131\u015f olacakt\u0131r. Bunun d\u0131\u015f\u0131nda, b\u00f6yle bir uygulama mevcut olanlar i\u00e7in ge\u00e7erli olmak \u00fczere, diledi\u011finiz her zaman ilgili taraf\u0131m\u0131za ait siteye ula\u015farak izin-onay i\u015flemlerini yapabilirsiniz.<\/p><p>Kurumumuz ilgili mevzuat uyar\u0131nca ve ki\u015fisel veri saklama-imha politikalar\u0131nda \u00f6ng\u00f6rece\u011fi periyodlarda ki\u015fisel bilgileri k\u0131smen\/tamamen imha (silme, yok etme veya anonimle\u015ftirme) i\u015flemleri yapabilece\u011fi gibi, ziyaret\u00e7iler arzu ettikleri her zaman ve hi\u00e7bir gerek\u00e7e g\u00f6stermeksizin a\u015fa\u011f\u0131da belirtilen ileti\u015fim kanallar\u0131ndan Kurumumuza ula\u015farak ve gereken kanuni-teknik prosed\u00fcrleri yerine getirerek ki\u015fisel veri i\u015flenmelerini ve\/veya taraflar\u0131na ticari elektronik ileti\u015fimleri durdurabilirler. Bu husustaki a\u00e7\u0131k bildirim-taleplerine g\u00f6re, ki\u015fisel veri i\u015flemleri ve\/veya belirtti\u011fi kanallar i\u00e7in taraf\u0131na ileti\u015fimler yasal azami s\u00fcre i\u00e7inde durdurulur (yasalara g\u00f6re m\u00fcmk\u00fcn-gereken veya y\u00fck\u00fcml\u00fc olunan ki\u015fisel veri i\u015flemeleri ve ileti\u015fimler devam eder).<\/p><p>Ziyaret\u00e7i dilerse ayr\u0131ca, hukuken muhafazas\u0131 gereken ve\/veya m\u00fcmk\u00fcn olanlar haricindeki bilgileri, veri kay\u0131t sisteminden silinir ya da yok edilir veya ayn\u0131 amac\u0131 sa\u011flamak \u00fczere kimli\u011fi belirli olmayacak bi\u00e7imde anonim hale getirilir. Bu hususlardaki ba\u015fvuru ve talepler yasal azami s\u00fcreler i\u00e7inde yerine getirilecek yahut hukuki gerek\u00e7esi taraf\u0131na a\u00e7\u0131klanarak kabul edilmeyebilecektir.<\/p><p><strong>\u00dc\u00c7\u00dcNC\u00dc K\u0130\u015e\u0130LERE A\u0130T S\u0130TELER-D\u0130J\u0130TAL PLATFORMLAR VE UYGULAMALAR<\/strong><\/p><p>Sitemizden (mobil versiyonlar\u0131 dahil) ula\u015f\u0131lan di\u011fer sitelerde kendilerine ait gizlilik-g\u00fcvenlik politikalar\u0131, kullan\u0131m, ileti\u015fim ve ki\u015fisel veri i\u015flenme \u015fartlar\u0131 ge\u00e7erlidir; reklam, banner, i\u00e7erik g\u00f6rmek veya ba\u015fka herhangi bir ama\u00e7 ile ula\u015f\u0131lan web sitelerinden bilgi kullan\u0131mlar\u0131, keza sitelerin (ve sair dijital platformlar\u0131n) etik ilkeleri, gizlilik-g\u00fcvenlik prensipleri, ki\u015fisel veri saklama ve imha politikalar\u0131, servis kalitesi, kullan\u0131m \u015fartlar\u0131, \u00e7erezleri-web i\u015faret\u00e7ileri ve benzerleri, bildirimleri-\u00f6nerileri ve di\u011fer uygulamalar\u0131 sebebi ile olu\u015fabilecek ihtilaf, maddi-manevi zarar ve kay\u0131plardan taraf\u0131m\u0131z sorumlu de\u011fildir.<\/p><p><strong>SORUMLULUK<\/strong><\/p><p>Ziyaret\u00e7ilerin sitemizden veya sitemizde link verilen di\u011fer sitelerden\/mobil uygulamalardan\/her t\u00fcrl\u00fc bildirimlerden ve kurumumuza ait di\u011fer birim-mecralardan edindikleri bilgiler, taraflar\u0131na elektronik ileti\u015fimi yap\u0131lan bilgilendirme, tan\u0131t\u0131m ve reklamlar, keza her t\u00fcrl\u00fc \u00f6neriler \u00e7er\u00e7evesinde ald\u0131klar\u0131 kararlardan, bunlara g\u00f6re yapt\u0131klar\u0131 her t\u00fcrl\u00fc i\u015flem ve uygulama ile sonu\u00e7lar\u0131ndan ziyaret\u00e7iler sorumludurlar.<\/p><p>Herhangi bir sitemiz ziyaret\u00e7isinin hukuki\/fiili ehliyet durumunu bilemeyece\u011fimizden, \u00e7ocuklar\u0131n ve di\u011fer re\u015fit olmayan ki\u015filerin kullan\u0131mlar\u0131, bilgileri ve bunlar\u0131n i\u015flenme-i\u015flemleri hususunda sorumluluk kanuni temsilcilerine ait olup ki\u015fisel verilerine (ve duruma g\u00f6re keza ileti\u015fimlere) ili\u015fkin haklar\u0131n\u0131 da kanuni temsilcileri marifetiyle kullanabilirler.<\/p><p><strong>S\u0130TE \u0130\u00c7ER\u0130\u011e\u0130 \u00dcZER\u0130NDE HAKLAR<\/strong><\/p><p>Sitemizdeki her t\u00fcrl\u00fc bilgi ve i\u00e7erik ile bunlar\u0131n d\u00fczenlenmesi, revizyonu ve k\u0131smen\/tamamen kullan\u0131m\u0131 konusunda; taraf\u0131m\u0131z\u0131n anla\u015fmas\u0131na g\u00f6re di\u011fer \u00fc\u00e7\u00fcnc\u00fc \u015fah\u0131slara ait olanlar hari\u00e7; t\u00fcm fikri-s\u0131nai haklar ve m\u00fclkiyet haklar\u0131 taraf\u0131m\u0131za, kurumumuza aittir.<\/p><p><strong>DE\u011e\u0130\u015e\u0130KL\u0130KLER<\/strong><\/p><p>Gizlilik, ki\u015fisel veri saklama-kullan\u0131m ve imha politikas\u0131 ve site kullan\u0131m \u015fartlar\u0131 gibi konularda, keza sunaca\u011f\u0131 \u00fcr\u00fcn, hizmet ve f\u0131rsatlarda, kampanya vb. gerekli g\u00f6rebilece\u011fi her t\u00fcrl\u00fc de\u011fi\u015fikli\u011fi yapma hakk\u0131n\u0131 sakl\u0131 tutar\u0131z; bu de\u011fi\u015fiklikler taraf\u0131m\u0131zca siteden veya di\u011fer uygun y\u00f6ntemler ile duyuruldu\u011fu andan itibaren ge\u00e7erli olur.<\/p><p>T\u00fcm bu konularda ek bilgi istemlerinizi, her t\u00fcrl\u00fc talep ve \u015fikayetlerinizi a\u015fa\u011f\u0131daki ileti\u015fim kanallar\u0131ndan ula\u015farak taraf\u0131m\u0131za bildirebilirsiniz. \u0130lgili talebin yasalar gere\u011fi belirli bir prosed\u00fcrde (usulde-zamanda-\u015fekilde) yap\u0131lmas\u0131 gereken hallerde s\u00f6z konusu prosed\u00fcre uyulmas\u0131 gerekir.<\/p>\t\t\t\t\t\t<\/div>\n\t\t\t\t<\/div>\n\t\t\t\t<div class=\"elementor-element elementor-element-2325558 elementor-widget elementor-widget-heading\" data-id=\"2325558\" data-element_type=\"widget\" data-widget_type=\"heading.default\">\n\t\t\t\t<div class=\"elementor-widget-container\">\n\t\t\t<h2 class=\"elementor-heading-title elementor-size-default\"><a href=\"https:\/\/tatbakliyat.com\/eng\/wp-content\/uploads\/2022\/10\/ILGILI-KISI-BASVURU-FORMU.pdf\" target=\"_blank\">\u0130LG\u0130L\u0130 K\u0130\u015e\u0130 BA\u015eVURU FORMU<\/a><\/h2>\t\t<\/div>\n\t\t\t\t<\/div>\n\t\t\t\t\t<\/div>\n\t\t<\/div>\n\t\t\t\t\t\t\t<\/div>\n\t\t<\/section>\n\t\t\t\t\t\t\t<\/div>\n\t\t","protected":false},"excerpt":{"rendered":"<p>K\u0130\u015e\u0130SEL VER\u0130LER\u0130N KORUNMASI HAKKINDA AYDINLATMA METN\u0130 G\u0130ZL\u0130L\u0130K KURALLARI, S\u0130TE KULLANIM \u015eARTLARI VE \u0130LET\u0130\u015e\u0130MLER \u0130LE K\u0130\u015e\u0130SEL VER\u0130LER\u0130N\u0130ZE \u0130L\u0130\u015eK\u0130N B\u0130LG\u0130LEND\u0130RME \u015eirketimiz, 6698 say\u0131l\u0131 Ki\u015fisel Verilerin Korunmas\u0131 Kanunu (\u201cKanun\u201d) md. 10\u2019dan do\u011fan ayd\u0131nlatma y\u00fck\u00fcml\u00fcl\u00fc\u011f\u00fcn\u00fc yerine getirmek amac\u0131yla a\u015fa\u011f\u0131daki a\u00e7\u0131klamalar\u0131 m\u00fc\u015fterilerimizin ve web-sitemizi ve\/veya mobil uygulamalar\u0131m\u0131z\u0131 kullanan \u00fc\u00e7\u00fcnc\u00fc ki\u015filerin dikkatine sunar\u0131z. \u015eirketimiz, i\u015fbu Ki\u015fisel Verilerin Korunmas\u0131 Hakk\u0131nda Ayd\u0131nlatma Metni\u2019ni &hellip;<\/p>\n<p class=\"read-more\"> <a class=\"\" href=\"https:\/\/tatbakliyat.com\/eng\/?page_id=5026\"> <span class=\"screen-reader-text\">KVKK<\/span> Devam\u0131 &raquo;<\/a><\/p>\n","protected":false},"author":1,"featured_media":0,"parent":0,"menu_order":0,"comment_status":"closed","ping_status":"closed","template":"","meta":{"site-sidebar-layout":"no-sidebar","site-content-layout":"page-builder","ast-global-header-display":"","ast-main-header-display":"","ast-hfb-above-header-display":"","ast-hfb-below-header-display":"","ast-hfb-mobile-header-display":"","site-post-title":"disabled","ast-breadcrumbs-content":"","ast-featured-img":"disabled","footer-sml-layout":"","theme-transparent-header-meta":"default","adv-header-id-meta":"","stick-header-meta":"","header-above-stick-meta":"","header-main-stick-meta":"","header-below-stick-meta":""},"_links":{"self":[{"href":"https:\/\/tatbakliyat.com\/eng\/index.php?rest_route=\/wp\/v2\/pages\/5026"}],"collection":[{"href":"https:\/\/tatbakliyat.com\/eng\/index.php?rest_route=\/wp\/v2\/pages"}],"about":[{"href":"https:\/\/tatbakliyat.com\/eng\/index.php?rest_route=\/wp\/v2\/types\/page"}],"author":[{"embeddable":true,"href":"https:\/\/tatbakliyat.com\/eng\/index.php?rest_route=\/wp\/v2\/users\/1"}],"replies":[{"embeddable":true,"href":"https:\/\/tatbakliyat.com\/eng\/index.php?rest_route=%2Fwp%2Fv2%2Fcomments&post=5026"}],"version-history":[{"count":22,"href":"https:\/\/tatbakliyat.com\/eng\/index.php?rest_route=\/wp\/v2\/pages\/5026\/revisions"}],"predecessor-version":[{"id":6400,"href":"https:\/\/tatbakliyat.com\/eng\/index.php?rest_route=\/wp\/v2\/pages\/5026\/revisions\/6400"}],"wp:attachment":[{"href":"https:\/\/tatbakliyat.com\/eng\/index.php?rest_route=%2Fwp%2Fv2%2Fmedia&parent=5026"}],"curies":[{"name":"wp","href":"https:\/\/api.w.org\/{rel}","templated":true}]}}