{"id":2586,"date":"2022-08-26T08:32:41","date_gmt":"2022-08-26T08:32:41","guid":{"rendered":"https:\/\/tatbakliyat.com\/eng\/eng\/?page_id=2586"},"modified":"2022-11-24T07:29:51","modified_gmt":"2022-11-24T04:29:51","slug":"tat-calisanlari","status":"publish","type":"page","link":"https:\/\/tatbakliyat.com\/eng\/?page_id=2586","title":{"rendered":"Tat \u00c7al\u0131\u015fanlar\u0131"},"content":{"rendered":"\t\t<div data-elementor-type=\"wp-page\" data-elementor-id=\"2586\" class=\"elementor elementor-2586\">\n\t\t\t\t\t\t\t\t\t<section class=\"elementor-section elementor-top-section elementor-element elementor-element-e38972d elementor-section-full_width elementor-hidden-tablet elementor-hidden-mobile elementor-section-height-default elementor-section-height-default\" data-id=\"e38972d\" data-element_type=\"section\" data-settings=\"{&quot;background_background&quot;:&quot;classic&quot;}\">\n\t\t\t\t\t\t<div class=\"elementor-container elementor-column-gap-no\">\n\t\t\t\t\t<div class=\"elementor-column elementor-col-100 elementor-top-column elementor-element elementor-element-0879e99\" data-id=\"0879e99\" data-element_type=\"column\">\n\t\t\t<div class=\"elementor-widget-wrap elementor-element-populated\">\n\t\t\t\t\t\t\t\t<div class=\"elementor-element elementor-element-051d4ca animated-slow elementor-invisible elementor-widget elementor-widget-image\" data-id=\"051d4ca\" data-element_type=\"widget\" data-settings=\"{&quot;_animation&quot;:&quot;zoomInDown&quot;}\" data-widget_type=\"image.default\">\n\t\t\t\t<div class=\"elementor-widget-container\">\n\t\t\t<style>\/*! elementor - v3.11.5 - 14-03-2023 *\/\n.elementor-widget-image{text-align:center}.elementor-widget-image a{display:inline-block}.elementor-widget-image a img[src$=\".svg\"]{width:48px}.elementor-widget-image img{vertical-align:middle;display:inline-block}<\/style>\t\t\t\t\t\t\t\t\t\t\t\t<img decoding=\"async\" width=\"1920\" height=\"1080\" src=\"https:\/\/tatbakliyat.com\/eng\/wp-content\/uploads\/2022\/11\/TAT-CALISANLARI_EN.png\" class=\"attachment-full size-full wp-image-8045\" alt=\"\" loading=\"lazy\" srcset=\"https:\/\/tatbakliyat.com\/eng\/wp-content\/uploads\/2022\/11\/TAT-CALISANLARI_EN.png 1920w, https:\/\/tatbakliyat.com\/eng\/wp-content\/uploads\/2022\/11\/TAT-CALISANLARI_EN-300x169.png 300w, https:\/\/tatbakliyat.com\/eng\/wp-content\/uploads\/2022\/11\/TAT-CALISANLARI_EN-1024x576.png 1024w, https:\/\/tatbakliyat.com\/eng\/wp-content\/uploads\/2022\/11\/TAT-CALISANLARI_EN-768x432.png 768w, https:\/\/tatbakliyat.com\/eng\/wp-content\/uploads\/2022\/11\/TAT-CALISANLARI_EN-1536x864.png 1536w\" sizes=\"(max-width: 1920px) 100vw, 1920px\" \/>\t\t\t\t\t\t\t\t\t\t\t\t\t\t\t<\/div>\n\t\t\t\t<\/div>\n\t\t\t\t\t<\/div>\n\t\t<\/div>\n\t\t\t\t\t\t\t<\/div>\n\t\t<\/section>\n\t\t\t\t<section class=\"elementor-section elementor-top-section elementor-element elementor-element-4bd49bc elementor-section-full_width elementor-section-height-min-height elementor-section-content-middle elementor-hidden-desktop elementor-section-height-default elementor-section-items-middle\" data-id=\"4bd49bc\" data-element_type=\"section\" data-settings=\"{&quot;background_background&quot;:&quot;classic&quot;}\">\n\t\t\t\t\t\t<div class=\"elementor-container elementor-column-gap-default\">\n\t\t\t\t\t<div class=\"elementor-column elementor-col-100 elementor-top-column elementor-element elementor-element-d883cba\" data-id=\"d883cba\" data-element_type=\"column\">\n\t\t\t<div class=\"elementor-widget-wrap elementor-element-populated\">\n\t\t\t\t\t\t\t\t<div class=\"elementor-element elementor-element-b37b164 animated-slow elementor-invisible elementor-widget elementor-widget-image\" data-id=\"b37b164\" data-element_type=\"widget\" data-settings=\"{&quot;_animation&quot;:&quot;zoomInDown&quot;}\" data-widget_type=\"image.default\">\n\t\t\t\t<div class=\"elementor-widget-container\">\n\t\t\t\t\t\t\t\t\t\t\t\t\t\t\t<img decoding=\"async\" width=\"1920\" height=\"1080\" src=\"https:\/\/tatbakliyat.com\/eng\/wp-content\/uploads\/2022\/11\/TAT-CALISANLARI_EN.png\" class=\"attachment-full size-full wp-image-8045\" alt=\"\" loading=\"lazy\" srcset=\"https:\/\/tatbakliyat.com\/eng\/wp-content\/uploads\/2022\/11\/TAT-CALISANLARI_EN.png 1920w, https:\/\/tatbakliyat.com\/eng\/wp-content\/uploads\/2022\/11\/TAT-CALISANLARI_EN-300x169.png 300w, https:\/\/tatbakliyat.com\/eng\/wp-content\/uploads\/2022\/11\/TAT-CALISANLARI_EN-1024x576.png 1024w, https:\/\/tatbakliyat.com\/eng\/wp-content\/uploads\/2022\/11\/TAT-CALISANLARI_EN-768x432.png 768w, https:\/\/tatbakliyat.com\/eng\/wp-content\/uploads\/2022\/11\/TAT-CALISANLARI_EN-1536x864.png 1536w\" sizes=\"(max-width: 1920px) 100vw, 1920px\" \/>\t\t\t\t\t\t\t\t\t\t\t\t\t\t\t<\/div>\n\t\t\t\t<\/div>\n\t\t\t\t\t<\/div>\n\t\t<\/div>\n\t\t\t\t\t\t\t<\/div>\n\t\t<\/section>\n\t\t\t\t\t\t\t<\/div>\n\t\t","protected":false},"excerpt":{"rendered":"","protected":false},"author":1,"featured_media":0,"parent":0,"menu_order":0,"comment_status":"closed","ping_status":"closed","template":"","meta":{"site-sidebar-layout":"no-sidebar","site-content-layout":"page-builder","ast-global-header-display":"","ast-main-header-display":"","ast-hfb-above-header-display":"","ast-hfb-below-header-display":"","ast-hfb-mobile-header-display":"","site-post-title":"disabled","ast-breadcrumbs-content":"","ast-featured-img":"disabled","footer-sml-layout":"","theme-transparent-header-meta":"default","adv-header-id-meta":"","stick-header-meta":"","header-above-stick-meta":"","header-main-stick-meta":"","header-below-stick-meta":""},"_links":{"self":[{"href":"https:\/\/tatbakliyat.com\/eng\/index.php?rest_route=\/wp\/v2\/pages\/2586"}],"collection":[{"href":"https:\/\/tatbakliyat.com\/eng\/index.php?rest_route=\/wp\/v2\/pages"}],"about":[{"href":"https:\/\/tatbakliyat.com\/eng\/index.php?rest_route=\/wp\/v2\/types\/page"}],"author":[{"embeddable":true,"href":"https:\/\/tatbakliyat.com\/eng\/index.php?rest_route=\/wp\/v2\/users\/1"}],"replies":[{"embeddable":true,"href":"https:\/\/tatbakliyat.com\/eng\/index.php?rest_route=%2Fwp%2Fv2%2Fcomments&post=2586"}],"version-history":[{"count":16,"href":"https:\/\/tatbakliyat.com\/eng\/index.php?rest_route=\/wp\/v2\/pages\/2586\/revisions"}],"predecessor-version":[{"id":8048,"href":"https:\/\/tatbakliyat.com\/eng\/index.php?rest_route=\/wp\/v2\/pages\/2586\/revisions\/8048"}],"wp:attachment":[{"href":"https:\/\/tatbakliyat.com\/eng\/index.php?rest_route=%2Fwp%2Fv2%2Fmedia&parent=2586"}],"curies":[{"name":"wp","href":"https:\/\/api.w.org\/{rel}","templated":true}]}}